{"id":31,"date":"2021-03-11T08:45:59","date_gmt":"2021-03-11T08:45:59","guid":{"rendered":"http:\/\/www.didziojikova.lt\/?page_id=31"},"modified":"2021-03-11T16:46:22","modified_gmt":"2021-03-11T16:46:22","slug":"a-homepage-section","status":"publish","type":"page","link":"http:\/\/www.didziojikova.lt\/?page_id=31","title":{"rendered":"Temos"},"content":{"rendered":"\r\n<p>Kova tarp g\u0117rio ir blogio.\u00a0Dievo ir \u0161\u0117tono.\u00a0<br \/>Tai \u2013 prana\u0161yst\u0117s, kurios pildosi m\u016bs\u0173 akyse.<\/p>\r\n<p>Knygoje aptariamos \u0161ios temos:<br \/>Ar bus tolimesni\u0173 pasaulini\u0173 krizi\u0173?<br \/>Koki\u0173 \u012fvyki\u0173 toliau tik\u0117tis?<br \/>Kod\u0117l kei\u010diasi JAV m\u016bs\u0173 akyse?<br \/>Kokios galios ir j\u0117gos paveikia m\u016bs\u0173 istorij\u0105?<br \/>Ar gali b\u016bti, kad u\u017e pasaulin\u0117s istorin\u0117s kovos ir \u012ftampos slypi didelis konfliktas?<br \/>Ar patikimos \u0160ventojo Ra\u0161to prana\u0161yst\u0117s?<\/p>\r\n<p>Lietuvos skaitytojas gali atpa\u017einti ir matyti pana\u0161ius procesus, kurie minimi knygoje ir kurie \u0161iandien vis labiau palie\u010dia kiekvieno \u017emogaus asmenin\u012f gyvenim\u0105, jau ir Lietuvoje. Jie apima vis\u0105 pasaul\u012f. Jeigu Jus stebina ir neramina tai, kas vyksta aplinkui ir net prie\u0161 m\u016bs\u0173 akis, atsakymus \u012f \u0161iuos ir kitus klausimus lengvai atrasite knygoje. J\u016bs pamatysite esminius \u017emonijos istorijos pos\u016bkius ir \u012fgysite supratim\u0105 k\u0105 apie tai sako K\u016br\u0117jas ir suprasite, kuriuo keliu eiti, nes laiko pasirinkimui lieka vis ma\u017eiau.<\/p>\r\n","protected":false},"excerpt":{"rendered":"<p>Kova tarp g\u0117rio ir blogio.\u00a0Dievo ir \u0161\u0117tono.\u00a0Tai \u2013 prana\u0161yst\u0117s, kurios pildosi m\u016bs\u0173 akyse. Knygoje aptariamos \u0161ios temos:Ar bus tolimesni\u0173 pasaulini\u0173 krizi\u0173?Koki\u0173 \u012fvyki\u0173 toliau tik\u0117tis?Kod\u0117l kei\u010diasi JAV m\u016bs\u0173 akyse?Kokios galios ir j\u0117gos paveikia m\u016bs\u0173 istorij\u0105?Ar gali b\u016bti, kad u\u017e pasaulin\u0117s istorin\u0117s kovos ir \u012ftampos slypi didelis konfliktas?Ar patikimos \u0160ventojo Ra\u0161to prana\u0161yst\u0117s? Lietuvos skaitytojas gali atpa\u017einti ir &hellip; <\/p>\n<p class=\"link-more\"><a href=\"http:\/\/www.didziojikova.lt\/?page_id=31\" class=\"more-link\">Continue reading<span class=\"screen-reader-text\"> &#8220;Temos&#8221;<\/span><\/a><\/p>\n","protected":false},"author":1,"featured_media":0,"parent":0,"menu_order":2,"comment_status":"closed","ping_status":"closed","template":"","meta":{"footnotes":""},"class_list":["post-31","page","type-page","status-publish","hentry"],"_links":{"self":[{"href":"http:\/\/www.didziojikova.lt\/index.php?rest_route=\/wp\/v2\/pages\/31","targetHints":{"allow":["GET"]}}],"collection":[{"href":"http:\/\/www.didziojikova.lt\/index.php?rest_route=\/wp\/v2\/pages"}],"about":[{"href":"http:\/\/www.didziojikova.lt\/index.php?rest_route=\/wp\/v2\/types\/page"}],"author":[{"embeddable":true,"href":"http:\/\/www.didziojikova.lt\/index.php?rest_route=\/wp\/v2\/users\/1"}],"replies":[{"embeddable":true,"href":"http:\/\/www.didziojikova.lt\/index.php?rest_route=%2Fwp%2Fv2%2Fcomments&post=31"}],"version-history":[{"count":9,"href":"http:\/\/www.didziojikova.lt\/index.php?rest_route=\/wp\/v2\/pages\/31\/revisions"}],"predecessor-version":[{"id":105,"href":"http:\/\/www.didziojikova.lt\/index.php?rest_route=\/wp\/v2\/pages\/31\/revisions\/105"}],"wp:attachment":[{"href":"http:\/\/www.didziojikova.lt\/index.php?rest_route=%2Fwp%2Fv2%2Fmedia&parent=31"}],"curies":[{"name":"wp","href":"https:\/\/api.w.org\/{rel}","templated":true}]}}