{"id":30,"date":"2021-03-11T08:45:59","date_gmt":"2021-03-11T08:45:59","guid":{"rendered":"http:\/\/www.didziojikova.lt\/?page_id=30"},"modified":"2021-03-11T11:47:43","modified_gmt":"2021-03-11T11:47:43","slug":"home","status":"publish","type":"page","link":"http:\/\/www.didziojikova.lt\/","title":{"rendered":"KNYGA"},"content":{"rendered":"\r\n<p>Amerikie\u010di\u0173 ra\u0161ytoja Ellen G. White knyg\u0105 \u201eDid\u017eioji kova\u201d para\u0161\u0117 daugiau nei prie\u0161 \u0161imtmet\u012f, ta\u010diau joje nagrin\u0117jamos temos aktualios ir \u0161i\u0173 laik\u0173 skaitytojui. Knyga pradedama istorine ap\u017evalga nuo Jeruzal\u0117s sunaikinimo 70-aisiais metais po Kristaus gimimo; toliau apra\u0161oma viduram\u017ei\u0173 bei v\u0117lesni\u0173 laik\u0173 reformacija ir pasiekiama kulminacija pristatant paskutini\u0173 laik\u0173 \u012fvykius bei \u017eenklus. Knygoje pl\u0117tojama J\u0117zaus Kristaus ir \u0161\u0117tono did\u017eiosios kovos, kuri prasid\u0117jo danguje ir t\u0119sis iki \u017dem\u0117s gyvavimo pabaigos, tema.<\/p>\r\n","protected":false},"excerpt":{"rendered":"<p>Amerikie\u010di\u0173 ra\u0161ytoja Ellen G. White knyg\u0105 \u201eDid\u017eioji kova\u201d para\u0161\u0117 daugiau nei prie\u0161 \u0161imtmet\u012f, ta\u010diau joje nagrin\u0117jamos temos aktualios ir \u0161i\u0173 laik\u0173 skaitytojui. Knyga pradedama istorine ap\u017evalga nuo Jeruzal\u0117s sunaikinimo 70-aisiais metais po Kristaus gimimo; toliau apra\u0161oma viduram\u017ei\u0173 bei v\u0117lesni\u0173 laik\u0173 reformacija ir pasiekiama kulminacija pristatant paskutini\u0173 laik\u0173 \u012fvykius bei \u017eenklus. Knygoje pl\u0117tojama J\u0117zaus Kristaus ir &hellip; <\/p>\n<p class=\"link-more\"><a href=\"http:\/\/www.didziojikova.lt\/\" class=\"more-link\">Continue reading<span class=\"screen-reader-text\"> &#8220;KNYGA&#8221;<\/span><\/a><\/p>\n","protected":false},"author":1,"featured_media":0,"parent":0,"menu_order":0,"comment_status":"closed","ping_status":"closed","template":"","meta":{"footnotes":""},"class_list":["post-30","page","type-page","status-publish","hentry"],"_links":{"self":[{"href":"http:\/\/www.didziojikova.lt\/index.php?rest_route=\/wp\/v2\/pages\/30","targetHints":{"allow":["GET"]}}],"collection":[{"href":"http:\/\/www.didziojikova.lt\/index.php?rest_route=\/wp\/v2\/pages"}],"about":[{"href":"http:\/\/www.didziojikova.lt\/index.php?rest_route=\/wp\/v2\/types\/page"}],"author":[{"embeddable":true,"href":"http:\/\/www.didziojikova.lt\/index.php?rest_route=\/wp\/v2\/users\/1"}],"replies":[{"embeddable":true,"href":"http:\/\/www.didziojikova.lt\/index.php?rest_route=%2Fwp%2Fv2%2Fcomments&post=30"}],"version-history":[{"count":4,"href":"http:\/\/www.didziojikova.lt\/index.php?rest_route=\/wp\/v2\/pages\/30\/revisions"}],"predecessor-version":[{"id":62,"href":"http:\/\/www.didziojikova.lt\/index.php?rest_route=\/wp\/v2\/pages\/30\/revisions\/62"}],"wp:attachment":[{"href":"http:\/\/www.didziojikova.lt\/index.php?rest_route=%2Fwp%2Fv2%2Fmedia&parent=30"}],"curies":[{"name":"wp","href":"https:\/\/api.w.org\/{rel}","templated":true}]}}